{"id":1676,"date":"2025-04-13T10:36:40","date_gmt":"2025-04-13T08:36:40","guid":{"rendered":"http:\/\/caroleepinette.com\/?post_type=product&#038;p=1676"},"modified":"2025-11-16T12:37:09","modified_gmt":"2025-11-16T11:37:09","slug":"eagles-of-death-metal-moustache","status":"publish","type":"product","link":"https:\/\/caroleepinette.com\/en\/product\/eagles-of-death-metal-moustache\/","title":{"rendered":"Eagles Of Death Metal \u00ab\u00a0Remember\u00a0\u00bb"},"content":{"rendered":"<p>Paris 2008<\/p>\n<p>Edition limit\u00e9e. Tirage d&rsquo;art num\u00e9rot\u00e9 4\/30<\/p>","protected":false},"excerpt":{"rendered":"<p>Paris 2008 Edition limit\u00e9e. Tirage d&rsquo;art num\u00e9rot\u00e9 4\/30<\/p>","protected":false},"featured_media":1646,"template":"","meta":{"_acf_changed":false},"product_brand":[],"product_cat":[32],"product_tag":[],"class_list":{"0":"post-1676","1":"product","2":"type-product","3":"status-publish","4":"has-post-thumbnail","6":"product_cat-artistes-personnalites","8":"first","9":"instock","10":"shipping-taxable","11":"purchasable","12":"product-type-variable"},"acf":[],"_links":{"self":[{"href":"https:\/\/caroleepinette.com\/en\/wp-json\/wp\/v2\/product\/1676","targetHints":{"allow":["GET"]}}],"collection":[{"href":"https:\/\/caroleepinette.com\/en\/wp-json\/wp\/v2\/product"}],"about":[{"href":"https:\/\/caroleepinette.com\/en\/wp-json\/wp\/v2\/types\/product"}],"wp:featuredmedia":[{"embeddable":true,"href":"https:\/\/caroleepinette.com\/en\/wp-json\/wp\/v2\/media\/1646"}],"wp:attachment":[{"href":"https:\/\/caroleepinette.com\/en\/wp-json\/wp\/v2\/media?parent=1676"}],"wp:term":[{"taxonomy":"product_brand","embeddable":true,"href":"https:\/\/caroleepinette.com\/en\/wp-json\/wp\/v2\/product_brand?post=1676"},{"taxonomy":"product_cat","embeddable":true,"href":"https:\/\/caroleepinette.com\/en\/wp-json\/wp\/v2\/product_cat?post=1676"},{"taxonomy":"product_tag","embeddable":true,"href":"https:\/\/caroleepinette.com\/en\/wp-json\/wp\/v2\/product_tag?post=1676"}],"curies":[{"name":"wp","href":"https:\/\/api.w.org\/{rel}","templated":true}]}}