{"id":1763,"date":"2025-04-13T11:06:10","date_gmt":"2025-04-13T09:06:10","guid":{"rendered":"http:\/\/caroleepinette.com\/?post_type=product&#038;p=1763"},"modified":"2025-11-16T12:30:41","modified_gmt":"2025-11-16T11:30:41","slug":"jean-louis-aubert-cuir-baskets","status":"publish","type":"product","link":"https:\/\/caroleepinette.com\/en\/product\/jean-louis-aubert-cuir-baskets\/","title":{"rendered":"Jean-Louis Aubert \u00ab\u00a0Cuir et baskets\u00a0\u00bb"},"content":{"rendered":"<p>Paris 2005<\/p>\n<p>Edition limit\u00e9e. Tirage d&rsquo;art num\u00e9rot\u00e9 3\/30<\/p>","protected":false},"excerpt":{"rendered":"<p>Paris 2005 Edition limit\u00e9e. Tirage d&rsquo;art num\u00e9rot\u00e9 3\/30<\/p>","protected":false},"featured_media":1743,"template":"","meta":{"_acf_changed":false},"product_brand":[],"product_cat":[32],"product_tag":[],"class_list":{"0":"post-1763","1":"product","2":"type-product","3":"status-publish","4":"has-post-thumbnail","6":"product_cat-artistes-personnalites","8":"first","9":"instock","10":"shipping-taxable","11":"purchasable","12":"product-type-variable"},"acf":[],"_links":{"self":[{"href":"https:\/\/caroleepinette.com\/en\/wp-json\/wp\/v2\/product\/1763","targetHints":{"allow":["GET"]}}],"collection":[{"href":"https:\/\/caroleepinette.com\/en\/wp-json\/wp\/v2\/product"}],"about":[{"href":"https:\/\/caroleepinette.com\/en\/wp-json\/wp\/v2\/types\/product"}],"wp:featuredmedia":[{"embeddable":true,"href":"https:\/\/caroleepinette.com\/en\/wp-json\/wp\/v2\/media\/1743"}],"wp:attachment":[{"href":"https:\/\/caroleepinette.com\/en\/wp-json\/wp\/v2\/media?parent=1763"}],"wp:term":[{"taxonomy":"product_brand","embeddable":true,"href":"https:\/\/caroleepinette.com\/en\/wp-json\/wp\/v2\/product_brand?post=1763"},{"taxonomy":"product_cat","embeddable":true,"href":"https:\/\/caroleepinette.com\/en\/wp-json\/wp\/v2\/product_cat?post=1763"},{"taxonomy":"product_tag","embeddable":true,"href":"https:\/\/caroleepinette.com\/en\/wp-json\/wp\/v2\/product_tag?post=1763"}],"curies":[{"name":"wp","href":"https:\/\/api.w.org\/{rel}","templated":true}]}}