{"id":1800,"date":"2025-04-13T11:15:30","date_gmt":"2025-04-13T09:15:30","guid":{"rendered":"http:\/\/caroleepinette.com\/?post_type=product&#038;p=1800"},"modified":"2025-11-16T16:51:39","modified_gmt":"2025-11-16T15:51:39","slug":"joe-satriani-flowers-paris-2013","status":"publish","type":"product","link":"https:\/\/caroleepinette.com\/en\/product\/joe-satriani-flowers-paris-2013\/","title":{"rendered":"Joe Satriani \u00ab\u00a0Flowers\u00a0\u00bb"},"content":{"rendered":"<p>Paris 2013<\/p>\n<p>Edition limit\u00e9e. Tirage d&rsquo;art num\u00e9rot\u00e9 2\/30<\/p>","protected":false},"excerpt":{"rendered":"<p>Paris 2013 Edition limit\u00e9e. Tirage d&rsquo;art num\u00e9rot\u00e9 2\/30<\/p>","protected":false},"featured_media":1789,"template":"","meta":{"_acf_changed":false},"product_brand":[],"product_cat":[32],"product_tag":[],"class_list":{"0":"post-1800","1":"product","2":"type-product","3":"status-publish","4":"has-post-thumbnail","6":"product_cat-artistes-personnalites","8":"first","9":"instock","10":"shipping-taxable","11":"purchasable","12":"product-type-variable"},"acf":[],"_links":{"self":[{"href":"https:\/\/caroleepinette.com\/en\/wp-json\/wp\/v2\/product\/1800","targetHints":{"allow":["GET"]}}],"collection":[{"href":"https:\/\/caroleepinette.com\/en\/wp-json\/wp\/v2\/product"}],"about":[{"href":"https:\/\/caroleepinette.com\/en\/wp-json\/wp\/v2\/types\/product"}],"wp:featuredmedia":[{"embeddable":true,"href":"https:\/\/caroleepinette.com\/en\/wp-json\/wp\/v2\/media\/1789"}],"wp:attachment":[{"href":"https:\/\/caroleepinette.com\/en\/wp-json\/wp\/v2\/media?parent=1800"}],"wp:term":[{"taxonomy":"product_brand","embeddable":true,"href":"https:\/\/caroleepinette.com\/en\/wp-json\/wp\/v2\/product_brand?post=1800"},{"taxonomy":"product_cat","embeddable":true,"href":"https:\/\/caroleepinette.com\/en\/wp-json\/wp\/v2\/product_cat?post=1800"},{"taxonomy":"product_tag","embeddable":true,"href":"https:\/\/caroleepinette.com\/en\/wp-json\/wp\/v2\/product_tag?post=1800"}],"curies":[{"name":"wp","href":"https:\/\/api.w.org\/{rel}","templated":true}]}}