{"id":2057,"date":"2025-04-13T13:06:24","date_gmt":"2025-04-13T11:06:24","guid":{"rendered":"http:\/\/caroleepinette.com\/?post_type=product&#038;p=2057"},"modified":"2025-11-16T11:59:50","modified_gmt":"2025-11-16T10:59:50","slug":"ozzy-osbourne-batman-paris-1997","status":"publish","type":"product","link":"https:\/\/caroleepinette.com\/en\/product\/ozzy-osbourne-batman-paris-1997\/","title":{"rendered":"Ozzy Osbourne \u00ab\u00a0Batman\u00a0\u00bb"},"content":{"rendered":"<p>Paris 1997<\/p>\n<p>Edition limit\u00e9e. Tirage d&rsquo;art num\u00e9rot\u00e9 4\/30<\/p>","protected":false},"excerpt":{"rendered":"<p>Paris 1997 Edition limit\u00e9e. Tirage d&rsquo;art num\u00e9rot\u00e9 4\/30<\/p>","protected":false},"featured_media":2065,"template":"","meta":{"_acf_changed":false},"product_brand":[],"product_cat":[32],"product_tag":[],"class_list":{"0":"post-2057","1":"product","2":"type-product","3":"status-publish","4":"has-post-thumbnail","6":"product_cat-artistes-personnalites","8":"first","9":"instock","10":"shipping-taxable","11":"purchasable","12":"product-type-variable"},"acf":[],"_links":{"self":[{"href":"https:\/\/caroleepinette.com\/en\/wp-json\/wp\/v2\/product\/2057","targetHints":{"allow":["GET"]}}],"collection":[{"href":"https:\/\/caroleepinette.com\/en\/wp-json\/wp\/v2\/product"}],"about":[{"href":"https:\/\/caroleepinette.com\/en\/wp-json\/wp\/v2\/types\/product"}],"wp:featuredmedia":[{"embeddable":true,"href":"https:\/\/caroleepinette.com\/en\/wp-json\/wp\/v2\/media\/2065"}],"wp:attachment":[{"href":"https:\/\/caroleepinette.com\/en\/wp-json\/wp\/v2\/media?parent=2057"}],"wp:term":[{"taxonomy":"product_brand","embeddable":true,"href":"https:\/\/caroleepinette.com\/en\/wp-json\/wp\/v2\/product_brand?post=2057"},{"taxonomy":"product_cat","embeddable":true,"href":"https:\/\/caroleepinette.com\/en\/wp-json\/wp\/v2\/product_cat?post=2057"},{"taxonomy":"product_tag","embeddable":true,"href":"https:\/\/caroleepinette.com\/en\/wp-json\/wp\/v2\/product_tag?post=2057"}],"curies":[{"name":"wp","href":"https:\/\/api.w.org\/{rel}","templated":true}]}}