{"id":2177,"date":"2025-04-13T13:26:20","date_gmt":"2025-04-13T11:26:20","guid":{"rendered":"http:\/\/caroleepinette.com\/?post_type=product&#038;p=2177"},"modified":"2025-11-16T11:45:50","modified_gmt":"2025-11-16T10:45:50","slug":"rammstein-le-feu-dans-leau-los-angeles-1998","status":"publish","type":"product","link":"https:\/\/caroleepinette.com\/en\/product\/rammstein-le-feu-dans-leau-los-angeles-1998\/","title":{"rendered":"Rammstein \u00ab\u00a0Le feu dans l&rsquo;eau\u00a0\u00bb"},"content":{"rendered":"<p>Los Angeles 1998<\/p>\n<p>Edition limit\u00e9e. Tirage d&rsquo;art num\u00e9rot\u00e9 4\/30<\/p>","protected":false},"excerpt":{"rendered":"<p>Los Angeles 1998 Edition limit\u00e9e. Tirage d&rsquo;art num\u00e9rot\u00e9 4\/30<\/p>","protected":false},"featured_media":2158,"template":"","meta":{"_acf_changed":false},"product_brand":[],"product_cat":[32],"product_tag":[],"class_list":{"0":"post-2177","1":"product","2":"type-product","3":"status-publish","4":"has-post-thumbnail","6":"product_cat-artistes-personnalites","8":"first","9":"instock","10":"shipping-taxable","11":"purchasable","12":"product-type-variable"},"acf":[],"_links":{"self":[{"href":"https:\/\/caroleepinette.com\/en\/wp-json\/wp\/v2\/product\/2177","targetHints":{"allow":["GET"]}}],"collection":[{"href":"https:\/\/caroleepinette.com\/en\/wp-json\/wp\/v2\/product"}],"about":[{"href":"https:\/\/caroleepinette.com\/en\/wp-json\/wp\/v2\/types\/product"}],"wp:featuredmedia":[{"embeddable":true,"href":"https:\/\/caroleepinette.com\/en\/wp-json\/wp\/v2\/media\/2158"}],"wp:attachment":[{"href":"https:\/\/caroleepinette.com\/en\/wp-json\/wp\/v2\/media?parent=2177"}],"wp:term":[{"taxonomy":"product_brand","embeddable":true,"href":"https:\/\/caroleepinette.com\/en\/wp-json\/wp\/v2\/product_brand?post=2177"},{"taxonomy":"product_cat","embeddable":true,"href":"https:\/\/caroleepinette.com\/en\/wp-json\/wp\/v2\/product_cat?post=2177"},{"taxonomy":"product_tag","embeddable":true,"href":"https:\/\/caroleepinette.com\/en\/wp-json\/wp\/v2\/product_tag?post=2177"}],"curies":[{"name":"wp","href":"https:\/\/api.w.org\/{rel}","templated":true}]}}