{"id":2215,"date":"2025-04-13T13:41:42","date_gmt":"2025-04-13T11:41:42","guid":{"rendered":"http:\/\/caroleepinette.com\/?post_type=product&#038;p=2215"},"modified":"2025-11-16T11:43:55","modified_gmt":"2025-11-16T10:43:55","slug":"romain-duris-rideau","status":"publish","type":"product","link":"https:\/\/caroleepinette.com\/en\/product\/romain-duris-rideau\/","title":{"rendered":"Romain Duris \u00ab\u00a0Velours\u00a0\u00bb"},"content":{"rendered":"<p>Paris 2005<\/p>\n<p>Edition limit\u00e9e. Tirage d&rsquo;art num\u00e9rot\u00e9 2\/30<\/p>","protected":false},"excerpt":{"rendered":"<p>Paris 2005 Edition limit\u00e9e. Tirage d&rsquo;art num\u00e9rot\u00e9 2\/30<\/p>","protected":false},"featured_media":2204,"template":"","meta":{"_acf_changed":false},"product_brand":[],"product_cat":[37],"product_tag":[],"class_list":{"0":"post-2215","1":"product","2":"type-product","3":"status-publish","4":"has-post-thumbnail","6":"product_cat-toi-moi-nous","8":"first","9":"instock","10":"shipping-taxable","11":"purchasable","12":"product-type-variable"},"acf":[],"_links":{"self":[{"href":"https:\/\/caroleepinette.com\/en\/wp-json\/wp\/v2\/product\/2215","targetHints":{"allow":["GET"]}}],"collection":[{"href":"https:\/\/caroleepinette.com\/en\/wp-json\/wp\/v2\/product"}],"about":[{"href":"https:\/\/caroleepinette.com\/en\/wp-json\/wp\/v2\/types\/product"}],"wp:featuredmedia":[{"embeddable":true,"href":"https:\/\/caroleepinette.com\/en\/wp-json\/wp\/v2\/media\/2204"}],"wp:attachment":[{"href":"https:\/\/caroleepinette.com\/en\/wp-json\/wp\/v2\/media?parent=2215"}],"wp:term":[{"taxonomy":"product_brand","embeddable":true,"href":"https:\/\/caroleepinette.com\/en\/wp-json\/wp\/v2\/product_brand?post=2215"},{"taxonomy":"product_cat","embeddable":true,"href":"https:\/\/caroleepinette.com\/en\/wp-json\/wp\/v2\/product_cat?post=2215"},{"taxonomy":"product_tag","embeddable":true,"href":"https:\/\/caroleepinette.com\/en\/wp-json\/wp\/v2\/product_tag?post=2215"}],"curies":[{"name":"wp","href":"https:\/\/api.w.org\/{rel}","templated":true}]}}