{"id":2312,"date":"2025-04-13T14:01:39","date_gmt":"2025-04-13T12:01:39","guid":{"rendered":"http:\/\/caroleepinette.com\/?post_type=product&#038;p=2312"},"modified":"2025-11-16T11:36:47","modified_gmt":"2025-11-16T10:36:47","slug":"system-of-a-down-elevator","status":"publish","type":"product","link":"https:\/\/caroleepinette.com\/en\/product\/system-of-a-down-elevator\/","title":{"rendered":"System Of A Down \u00ab\u00a0Elevator\u00a0\u00bb"},"content":{"rendered":"<p>Paris 1998<\/p>\n<p>Edition limit\u00e9e. Tirage d&rsquo;art num\u00e9rot\u00e9 3\/30<\/p>","protected":false},"excerpt":{"rendered":"<p>Paris 1998 Edition limit\u00e9e. Tirage d&rsquo;art num\u00e9rot\u00e9 3\/30<\/p>","protected":false},"featured_media":2293,"template":"","meta":{"_acf_changed":false},"product_brand":[],"product_cat":[32],"product_tag":[],"class_list":{"0":"post-2312","1":"product","2":"type-product","3":"status-publish","4":"has-post-thumbnail","6":"product_cat-artistes-personnalites","8":"first","9":"instock","10":"shipping-taxable","11":"purchasable","12":"product-type-variable"},"acf":[],"_links":{"self":[{"href":"https:\/\/caroleepinette.com\/en\/wp-json\/wp\/v2\/product\/2312","targetHints":{"allow":["GET"]}}],"collection":[{"href":"https:\/\/caroleepinette.com\/en\/wp-json\/wp\/v2\/product"}],"about":[{"href":"https:\/\/caroleepinette.com\/en\/wp-json\/wp\/v2\/types\/product"}],"wp:featuredmedia":[{"embeddable":true,"href":"https:\/\/caroleepinette.com\/en\/wp-json\/wp\/v2\/media\/2293"}],"wp:attachment":[{"href":"https:\/\/caroleepinette.com\/en\/wp-json\/wp\/v2\/media?parent=2312"}],"wp:term":[{"taxonomy":"product_brand","embeddable":true,"href":"https:\/\/caroleepinette.com\/en\/wp-json\/wp\/v2\/product_brand?post=2312"},{"taxonomy":"product_cat","embeddable":true,"href":"https:\/\/caroleepinette.com\/en\/wp-json\/wp\/v2\/product_cat?post=2312"},{"taxonomy":"product_tag","embeddable":true,"href":"https:\/\/caroleepinette.com\/en\/wp-json\/wp\/v2\/product_tag?post=2312"}],"curies":[{"name":"wp","href":"https:\/\/api.w.org\/{rel}","templated":true}]}}