{"id":2832,"date":"2025-04-13T16:08:32","date_gmt":"2025-04-13T14:08:32","guid":{"rendered":"http:\/\/caroleepinette.com\/?post_type=product&#038;p=2832"},"modified":"2025-11-16T11:12:08","modified_gmt":"2025-11-16T10:12:08","slug":"david-bowie-gazoline","status":"publish","type":"product","link":"https:\/\/caroleepinette.com\/en\/product\/david-bowie-gazoline\/","title":{"rendered":"David Bowie \u00ab\u00a0Gazoline\u00a0\u00bb"},"content":{"rendered":"<p>Lille 1996<\/p>\n<p>Tirage photo limit\u00e9 et num\u00e9rot\u00e9 11\/30<\/p>","protected":false},"excerpt":{"rendered":"<p>Lille 1996 Tirage photo limit\u00e9 et num\u00e9rot\u00e9 11\/30<\/p>","protected":false},"featured_media":2819,"template":"","meta":{"_acf_changed":false},"product_brand":[],"product_cat":[30],"product_tag":[],"class_list":{"0":"post-2832","1":"product","2":"type-product","3":"status-publish","4":"has-post-thumbnail","6":"product_cat-on-stage","8":"first","9":"instock","10":"shipping-taxable","11":"purchasable","12":"product-type-variable"},"acf":[],"_links":{"self":[{"href":"https:\/\/caroleepinette.com\/en\/wp-json\/wp\/v2\/product\/2832","targetHints":{"allow":["GET"]}}],"collection":[{"href":"https:\/\/caroleepinette.com\/en\/wp-json\/wp\/v2\/product"}],"about":[{"href":"https:\/\/caroleepinette.com\/en\/wp-json\/wp\/v2\/types\/product"}],"wp:featuredmedia":[{"embeddable":true,"href":"https:\/\/caroleepinette.com\/en\/wp-json\/wp\/v2\/media\/2819"}],"wp:attachment":[{"href":"https:\/\/caroleepinette.com\/en\/wp-json\/wp\/v2\/media?parent=2832"}],"wp:term":[{"taxonomy":"product_brand","embeddable":true,"href":"https:\/\/caroleepinette.com\/en\/wp-json\/wp\/v2\/product_brand?post=2832"},{"taxonomy":"product_cat","embeddable":true,"href":"https:\/\/caroleepinette.com\/en\/wp-json\/wp\/v2\/product_cat?post=2832"},{"taxonomy":"product_tag","embeddable":true,"href":"https:\/\/caroleepinette.com\/en\/wp-json\/wp\/v2\/product_tag?post=2832"}],"curies":[{"name":"wp","href":"https:\/\/api.w.org\/{rel}","templated":true}]}}