{"id":2966,"date":"2025-04-13T16:42:39","date_gmt":"2025-04-13T14:42:39","guid":{"rendered":"http:\/\/caroleepinette.com\/?post_type=product&#038;p=2966"},"modified":"2025-11-16T10:59:45","modified_gmt":"2025-11-16T09:59:45","slug":"jacques-higelin-presence","status":"publish","type":"product","link":"https:\/\/caroleepinette.com\/en\/product\/jacques-higelin-presence\/","title":{"rendered":"Jacques Higelin \u00ab\u00a0Pr\u00e9sence\u00a0\u00bb"},"content":{"rendered":"<p>Printemps de Bourges Festival 2007<\/p>\n<p>Edition limit\u00e9e. Tirage d&rsquo;art num\u00e9rot\u00e9 3\/30<\/p>","protected":false},"excerpt":{"rendered":"<p>Printemps de Bourges Festival 2007 Edition limit\u00e9e. Tirage d&rsquo;art num\u00e9rot\u00e9 3\/30<\/p>","protected":false},"featured_media":2946,"template":"","meta":{"_acf_changed":false},"product_brand":[],"product_cat":[30],"product_tag":[],"class_list":{"0":"post-2966","1":"product","2":"type-product","3":"status-publish","4":"has-post-thumbnail","6":"product_cat-on-stage","8":"first","9":"instock","10":"shipping-taxable","11":"purchasable","12":"product-type-variable"},"acf":[],"_links":{"self":[{"href":"https:\/\/caroleepinette.com\/en\/wp-json\/wp\/v2\/product\/2966","targetHints":{"allow":["GET"]}}],"collection":[{"href":"https:\/\/caroleepinette.com\/en\/wp-json\/wp\/v2\/product"}],"about":[{"href":"https:\/\/caroleepinette.com\/en\/wp-json\/wp\/v2\/types\/product"}],"wp:featuredmedia":[{"embeddable":true,"href":"https:\/\/caroleepinette.com\/en\/wp-json\/wp\/v2\/media\/2946"}],"wp:attachment":[{"href":"https:\/\/caroleepinette.com\/en\/wp-json\/wp\/v2\/media?parent=2966"}],"wp:term":[{"taxonomy":"product_brand","embeddable":true,"href":"https:\/\/caroleepinette.com\/en\/wp-json\/wp\/v2\/product_brand?post=2966"},{"taxonomy":"product_cat","embeddable":true,"href":"https:\/\/caroleepinette.com\/en\/wp-json\/wp\/v2\/product_cat?post=2966"},{"taxonomy":"product_tag","embeddable":true,"href":"https:\/\/caroleepinette.com\/en\/wp-json\/wp\/v2\/product_tag?post=2966"}],"curies":[{"name":"wp","href":"https:\/\/api.w.org\/{rel}","templated":true}]}}