{"id":3128,"date":"2025-04-13T17:10:20","date_gmt":"2025-04-13T15:10:20","guid":{"rendered":"http:\/\/caroleepinette.com\/?post_type=product&#038;p=3128"},"modified":"2025-11-16T10:38:50","modified_gmt":"2025-11-16T09:38:50","slug":"pete-doherty-pause","status":"publish","type":"product","link":"https:\/\/caroleepinette.com\/en\/product\/pete-doherty-pause\/","title":{"rendered":"Pete Doherty \u00ab\u00a0Cigarette\u00a0\u00bb"},"content":{"rendered":"<p>Paris 2009<\/p>\n<p>Edition limit\u00e9e. Tirage d&rsquo;art num\u00e9rot\u00e9 3\/30<\/p>","protected":false},"excerpt":{"rendered":"<p>Paris 2009 Edition limit\u00e9e. Tirage d&rsquo;art num\u00e9rot\u00e9 3\/30<\/p>","protected":false},"featured_media":3086,"template":"","meta":{"_acf_changed":false},"product_brand":[],"product_cat":[30],"product_tag":[],"class_list":{"0":"post-3128","1":"product","2":"type-product","3":"status-publish","4":"has-post-thumbnail","6":"product_cat-on-stage","8":"first","9":"instock","10":"shipping-taxable","11":"purchasable","12":"product-type-variable"},"acf":[],"_links":{"self":[{"href":"https:\/\/caroleepinette.com\/en\/wp-json\/wp\/v2\/product\/3128","targetHints":{"allow":["GET"]}}],"collection":[{"href":"https:\/\/caroleepinette.com\/en\/wp-json\/wp\/v2\/product"}],"about":[{"href":"https:\/\/caroleepinette.com\/en\/wp-json\/wp\/v2\/types\/product"}],"wp:featuredmedia":[{"embeddable":true,"href":"https:\/\/caroleepinette.com\/en\/wp-json\/wp\/v2\/media\/3086"}],"wp:attachment":[{"href":"https:\/\/caroleepinette.com\/en\/wp-json\/wp\/v2\/media?parent=3128"}],"wp:term":[{"taxonomy":"product_brand","embeddable":true,"href":"https:\/\/caroleepinette.com\/en\/wp-json\/wp\/v2\/product_brand?post=3128"},{"taxonomy":"product_cat","embeddable":true,"href":"https:\/\/caroleepinette.com\/en\/wp-json\/wp\/v2\/product_cat?post=3128"},{"taxonomy":"product_tag","embeddable":true,"href":"https:\/\/caroleepinette.com\/en\/wp-json\/wp\/v2\/product_tag?post=3128"}],"curies":[{"name":"wp","href":"https:\/\/api.w.org\/{rel}","templated":true}]}}