{"id":3175,"date":"2025-04-13T17:30:18","date_gmt":"2025-04-13T15:30:18","guid":{"rendered":"http:\/\/caroleepinette.com\/?post_type=product&#038;p=3175"},"modified":"2025-11-16T10:35:52","modified_gmt":"2025-11-16T09:35:52","slug":"queens-of-the-stone-age-on-stage","status":"publish","type":"product","link":"https:\/\/caroleepinette.com\/en\/product\/queens-of-the-stone-age-on-stage\/","title":{"rendered":"Queens of the Stone Age \u00ab\u00a0On stage\u00a0\u00bb"},"content":{"rendered":"<p>Paris 2017<\/p>\n<p>Edition limit\u00e9e. Tirage d&rsquo;art num\u00e9rot\u00e9 2\/30<\/p>","protected":false},"excerpt":{"rendered":"<p>Paris 2017 Edition limit\u00e9e. Tirage d&rsquo;art num\u00e9rot\u00e9 2\/30<\/p>","protected":false},"featured_media":3148,"template":"","meta":{"_acf_changed":false},"product_brand":[],"product_cat":[30],"product_tag":[],"class_list":{"0":"post-3175","1":"product","2":"type-product","3":"status-publish","4":"has-post-thumbnail","6":"product_cat-on-stage","8":"first","9":"instock","10":"shipping-taxable","11":"purchasable","12":"product-type-variable"},"acf":[],"_links":{"self":[{"href":"https:\/\/caroleepinette.com\/en\/wp-json\/wp\/v2\/product\/3175","targetHints":{"allow":["GET"]}}],"collection":[{"href":"https:\/\/caroleepinette.com\/en\/wp-json\/wp\/v2\/product"}],"about":[{"href":"https:\/\/caroleepinette.com\/en\/wp-json\/wp\/v2\/types\/product"}],"wp:featuredmedia":[{"embeddable":true,"href":"https:\/\/caroleepinette.com\/en\/wp-json\/wp\/v2\/media\/3148"}],"wp:attachment":[{"href":"https:\/\/caroleepinette.com\/en\/wp-json\/wp\/v2\/media?parent=3175"}],"wp:term":[{"taxonomy":"product_brand","embeddable":true,"href":"https:\/\/caroleepinette.com\/en\/wp-json\/wp\/v2\/product_brand?post=3175"},{"taxonomy":"product_cat","embeddable":true,"href":"https:\/\/caroleepinette.com\/en\/wp-json\/wp\/v2\/product_cat?post=3175"},{"taxonomy":"product_tag","embeddable":true,"href":"https:\/\/caroleepinette.com\/en\/wp-json\/wp\/v2\/product_tag?post=3175"}],"curies":[{"name":"wp","href":"https:\/\/api.w.org\/{rel}","templated":true}]}}