{"id":3223,"date":"2025-04-13T17:38:52","date_gmt":"2025-04-13T15:38:52","guid":{"rendered":"http:\/\/caroleepinette.com\/?post_type=product&#038;p=3223"},"modified":"2025-11-16T10:32:46","modified_gmt":"2025-11-16T09:32:46","slug":"rammstein-presence","status":"publish","type":"product","link":"https:\/\/caroleepinette.com\/en\/product\/rammstein-presence\/","title":{"rendered":"Rammstein \u00ab\u00a0Pr\u00e9sence\u00a0\u00bb"},"content":{"rendered":"<p>Main Square Festival 2010<\/p>\n<p>Tirage photo limit\u00e9 et num\u00e9rot\u00e9 5\/30<\/p>","protected":false},"excerpt":{"rendered":"<p>Main Square Festival 2010 Tirage photo limit\u00e9 et num\u00e9rot\u00e9 5\/30<\/p>","protected":false},"featured_media":3202,"template":"","meta":{"_acf_changed":false},"product_brand":[],"product_cat":[30],"product_tag":[],"class_list":{"0":"post-3223","1":"product","2":"type-product","3":"status-publish","4":"has-post-thumbnail","6":"product_cat-on-stage","8":"first","9":"instock","10":"shipping-taxable","11":"purchasable","12":"product-type-variable"},"acf":[],"_links":{"self":[{"href":"https:\/\/caroleepinette.com\/en\/wp-json\/wp\/v2\/product\/3223","targetHints":{"allow":["GET"]}}],"collection":[{"href":"https:\/\/caroleepinette.com\/en\/wp-json\/wp\/v2\/product"}],"about":[{"href":"https:\/\/caroleepinette.com\/en\/wp-json\/wp\/v2\/types\/product"}],"wp:featuredmedia":[{"embeddable":true,"href":"https:\/\/caroleepinette.com\/en\/wp-json\/wp\/v2\/media\/3202"}],"wp:attachment":[{"href":"https:\/\/caroleepinette.com\/en\/wp-json\/wp\/v2\/media?parent=3223"}],"wp:term":[{"taxonomy":"product_brand","embeddable":true,"href":"https:\/\/caroleepinette.com\/en\/wp-json\/wp\/v2\/product_brand?post=3223"},{"taxonomy":"product_cat","embeddable":true,"href":"https:\/\/caroleepinette.com\/en\/wp-json\/wp\/v2\/product_cat?post=3223"},{"taxonomy":"product_tag","embeddable":true,"href":"https:\/\/caroleepinette.com\/en\/wp-json\/wp\/v2\/product_tag?post=3223"}],"curies":[{"name":"wp","href":"https:\/\/api.w.org\/{rel}","templated":true}]}}