{"id":3232,"date":"2025-04-13T17:40:04","date_gmt":"2025-04-13T15:40:04","guid":{"rendered":"http:\/\/caroleepinette.com\/?post_type=product&#038;p=3232"},"modified":"2025-12-14T19:01:21","modified_gmt":"2025-12-14T18:01:21","slug":"red-hot-chili-peppers-jump","status":"publish","type":"product","link":"https:\/\/caroleepinette.com\/en\/product\/red-hot-chili-peppers-jump\/","title":{"rendered":"Red Hot Chili Peppers \u00ab\u00a0Jump\u00a0\u00bb"},"content":{"rendered":"<p>Paris 2006<\/p>\n<p>Edition limit\u00e9e. Tirage d&rsquo;art num\u00e9rot\u00e9 7\/30<\/p>","protected":false},"excerpt":{"rendered":"<p>Paris 2006 Edition limit\u00e9e. Tirage d&rsquo;art num\u00e9rot\u00e9 7\/30<\/p>","protected":false},"featured_media":3203,"template":"","meta":{"_acf_changed":false},"product_brand":[],"product_cat":[30],"product_tag":[],"class_list":{"0":"post-3232","1":"product","2":"type-product","3":"status-publish","4":"has-post-thumbnail","6":"product_cat-on-stage","8":"first","9":"instock","10":"shipping-taxable","11":"purchasable","12":"product-type-variable"},"acf":[],"_links":{"self":[{"href":"https:\/\/caroleepinette.com\/en\/wp-json\/wp\/v2\/product\/3232","targetHints":{"allow":["GET"]}}],"collection":[{"href":"https:\/\/caroleepinette.com\/en\/wp-json\/wp\/v2\/product"}],"about":[{"href":"https:\/\/caroleepinette.com\/en\/wp-json\/wp\/v2\/types\/product"}],"wp:featuredmedia":[{"embeddable":true,"href":"https:\/\/caroleepinette.com\/en\/wp-json\/wp\/v2\/media\/3203"}],"wp:attachment":[{"href":"https:\/\/caroleepinette.com\/en\/wp-json\/wp\/v2\/media?parent=3232"}],"wp:term":[{"taxonomy":"product_brand","embeddable":true,"href":"https:\/\/caroleepinette.com\/en\/wp-json\/wp\/v2\/product_brand?post=3232"},{"taxonomy":"product_cat","embeddable":true,"href":"https:\/\/caroleepinette.com\/en\/wp-json\/wp\/v2\/product_cat?post=3232"},{"taxonomy":"product_tag","embeddable":true,"href":"https:\/\/caroleepinette.com\/en\/wp-json\/wp\/v2\/product_tag?post=3232"}],"curies":[{"name":"wp","href":"https:\/\/api.w.org\/{rel}","templated":true}]}}