{"id":3273,"date":"2025-04-13T17:46:13","date_gmt":"2025-04-13T15:46:13","guid":{"rendered":"http:\/\/caroleepinette.com\/?post_type=product&#038;p=3273"},"modified":"2025-11-16T10:05:31","modified_gmt":"2025-11-16T09:05:31","slug":"slipknot-hairstyling-2","status":"publish","type":"product","link":"https:\/\/caroleepinette.com\/en\/product\/slipknot-hairstyling-2\/","title":{"rendered":"Slipknot \u00ab\u00a0Hairstyling\u00a0\u00bb"},"content":{"rendered":"<p>Osaka 2008<\/p>\n<p>Tirage photo limit\u00e9 et num\u00e9rot\u00e9 6\/30<\/p>","protected":false},"excerpt":{"rendered":"<p>Osaka 2008 Tirage photo limit\u00e9 et num\u00e9rot\u00e9 6\/30<\/p>","protected":false},"featured_media":7414,"template":"","meta":{"_acf_changed":false},"product_brand":[],"product_cat":[30],"product_tag":[],"class_list":{"0":"post-3273","1":"product","2":"type-product","3":"status-publish","4":"has-post-thumbnail","6":"product_cat-on-stage","8":"first","9":"instock","10":"shipping-taxable","11":"purchasable","12":"product-type-variable"},"acf":[],"_links":{"self":[{"href":"https:\/\/caroleepinette.com\/en\/wp-json\/wp\/v2\/product\/3273","targetHints":{"allow":["GET"]}}],"collection":[{"href":"https:\/\/caroleepinette.com\/en\/wp-json\/wp\/v2\/product"}],"about":[{"href":"https:\/\/caroleepinette.com\/en\/wp-json\/wp\/v2\/types\/product"}],"wp:featuredmedia":[{"embeddable":true,"href":"https:\/\/caroleepinette.com\/en\/wp-json\/wp\/v2\/media\/7414"}],"wp:attachment":[{"href":"https:\/\/caroleepinette.com\/en\/wp-json\/wp\/v2\/media?parent=3273"}],"wp:term":[{"taxonomy":"product_brand","embeddable":true,"href":"https:\/\/caroleepinette.com\/en\/wp-json\/wp\/v2\/product_brand?post=3273"},{"taxonomy":"product_cat","embeddable":true,"href":"https:\/\/caroleepinette.com\/en\/wp-json\/wp\/v2\/product_cat?post=3273"},{"taxonomy":"product_tag","embeddable":true,"href":"https:\/\/caroleepinette.com\/en\/wp-json\/wp\/v2\/product_tag?post=3273"}],"curies":[{"name":"wp","href":"https:\/\/api.w.org\/{rel}","templated":true}]}}