{"id":3322,"date":"2025-04-13T17:55:45","date_gmt":"2025-04-13T15:55:45","guid":{"rendered":"http:\/\/caroleepinette.com\/?post_type=product&#038;p=3322"},"modified":"2025-11-16T10:23:14","modified_gmt":"2025-11-16T09:23:14","slug":"the-hives-energy","status":"publish","type":"product","link":"https:\/\/caroleepinette.com\/en\/product\/the-hives-energy\/","title":{"rendered":"The Hives \u00ab\u00a0Guitar\u00a0\u00bb"},"content":{"rendered":"<p>Paris 2007<\/p>\n<p>Edition limit\u00e9e. Tirage d&rsquo;art num\u00e9rot\u00e9 4\/30<\/p>","protected":false},"excerpt":{"rendered":"<p>Paris 2007 Edition limit\u00e9e. Tirage d&rsquo;art num\u00e9rot\u00e9 4\/30<\/p>","protected":false},"featured_media":3329,"template":"","meta":{"_acf_changed":false},"product_brand":[],"product_cat":[30],"product_tag":[],"class_list":{"0":"post-3322","1":"product","2":"type-product","3":"status-publish","4":"has-post-thumbnail","6":"product_cat-on-stage","8":"first","9":"instock","10":"shipping-taxable","11":"purchasable","12":"product-type-variable"},"acf":[],"_links":{"self":[{"href":"https:\/\/caroleepinette.com\/en\/wp-json\/wp\/v2\/product\/3322","targetHints":{"allow":["GET"]}}],"collection":[{"href":"https:\/\/caroleepinette.com\/en\/wp-json\/wp\/v2\/product"}],"about":[{"href":"https:\/\/caroleepinette.com\/en\/wp-json\/wp\/v2\/types\/product"}],"wp:featuredmedia":[{"embeddable":true,"href":"https:\/\/caroleepinette.com\/en\/wp-json\/wp\/v2\/media\/3329"}],"wp:attachment":[{"href":"https:\/\/caroleepinette.com\/en\/wp-json\/wp\/v2\/media?parent=3322"}],"wp:term":[{"taxonomy":"product_brand","embeddable":true,"href":"https:\/\/caroleepinette.com\/en\/wp-json\/wp\/v2\/product_brand?post=3322"},{"taxonomy":"product_cat","embeddable":true,"href":"https:\/\/caroleepinette.com\/en\/wp-json\/wp\/v2\/product_cat?post=3322"},{"taxonomy":"product_tag","embeddable":true,"href":"https:\/\/caroleepinette.com\/en\/wp-json\/wp\/v2\/product_tag?post=3322"}],"curies":[{"name":"wp","href":"https:\/\/api.w.org\/{rel}","templated":true}]}}