{"id":7436,"date":"2026-03-28T10:05:54","date_gmt":"2026-03-28T09:05:54","guid":{"rendered":"https:\/\/caroleepinette.com\/?post_type=product&#038;p=7436"},"modified":"2026-04-05T08:30:55","modified_gmt":"2026-04-05T06:30:55","slug":"rock-is-dead-amplified","status":"publish","type":"product","link":"https:\/\/caroleepinette.com\/en\/product\/rock-is-dead-amplified\/","title":{"rendered":"Rock is Dead Amplified"},"content":{"rendered":"<div dir=\"ltr\">Depuis trente ans, toutes sortes de rock stars plus ou moins brillantes, plus ou moins filantes sont pass\u00e9es devant l\u2019objectif de Carole. Trente ans de contrastes, de noirs, de blancs et d\u2019une infinit\u00e9 de nuances de gris, trente ans \u00e0 \u00e9clairer les gueules, les attitudes, les lumi\u00e8res et les ombres de la meute d\u2019enfants terribles qui font hurler les guitare et saturent les micros. R\u00e9ussir ce tour de force n\u00e9cessite une sacr\u00e9e dose de travail et de talent, mais aussi d\u2019audace, de libert\u00e9.<\/div>\n<div dir=\"ltr\">\u200e<\/div>\n<div dir=\"ltr\"><\/div>\n<div dir=\"ltr\">\n<div dir=\"ltr\"><span data-removefontsize=\"true\" data-originalcomputedfontsize=\"16\">Envoi en Point Relais ou Locker Mondial Relay\u00a0 6\u20ac<\/span><\/div>\n<div dir=\"ltr\"><span data-removefontsize=\"true\" data-originalcomputedfontsize=\"16\">Envoi \u00e0 domicile 10\u20ac<\/span><\/div>\n<\/div>","protected":false},"excerpt":{"rendered":"<p>Et les plus prestigieux journaux ne s\u2019y sont pas tromp\u00e9s : Rock &amp; Folk, Lib\u00e9 en France ou Kerrang ! Comme Metal Hammer \u00e0 l\u2019\u00e9tranger, tous lui ont confi\u00e9 leurs pages, leurs couv\u2019. Avec \u00e7a, Carole aurait pu se r\u00e9veiller un matin, la t\u00eate bien grosse, ivre d\u2019elle-m\u00eame, les chevilles enfl\u00e9es d\u2019orgueil et de \u00ab moi je \u00bb.<br \/>\nMais ce ce ne fut jamais le cas&#8230;<br \/>\nAu point m\u00eame de toujours marcher \u00e0 pas de louve, de rester si discr\u00e8te, parfois trop peut-\u00eatre dans cet univers tapageur de m\u00e2les alpha, de metal et de feu, qu\u2019elle ne s\u2019est jamais impos\u00e9e au devant de la sc\u00e8ne. Car il est question ici d\u2019humilit\u00e9. Parce que si \u00eatre photographe c\u2019est toujours s\u2019effacer pour l\u2019autre, Carole a offert son talent aux gueules du rock dans un geste sans retour. Alors, comment retourner les projecteurs et capturer le portrait de celle qui en a r\u00e9alis\u00e9 tant ?<br \/>\nComment r\u00e9v\u00e9ler les lumi\u00e8res de l\u2019enfant espi\u00e8gle de la photo rock ?<br \/>\nPar cette mini-biographie ?<br \/>\nNon. ce sont avant tout ses propres clich\u00e9s qui tissent la trame de son portrait, car personne au monde ne photographie comme Carole. Cherchez vous-m\u00eame qui elle est au fil des pages, car son c\u0153ur, sa passion, tout autant que son \u00e2me affleurent dans chacune des photos de ce livre.<br \/>\nAlors soyez attentifs, suivez les empreintes discr\u00e8tes, mais ind\u00e9l\u00e9biles, de celle qui marche \u00e0 pas de louve.<br \/>\nBenoit Deschodt, Auteur.<\/p>","protected":false},"featured_media":7437,"template":"","meta":{"_acf_changed":false},"product_brand":[],"product_cat":[33],"product_tag":[],"class_list":{"0":"post-7436","1":"product","2":"type-product","3":"status-publish","4":"has-post-thumbnail","6":"product_cat-livre","8":"first","9":"instock","10":"shipping-taxable","11":"purchasable","12":"product-type-simple"},"acf":[],"_links":{"self":[{"href":"https:\/\/caroleepinette.com\/en\/wp-json\/wp\/v2\/product\/7436","targetHints":{"allow":["GET"]}}],"collection":[{"href":"https:\/\/caroleepinette.com\/en\/wp-json\/wp\/v2\/product"}],"about":[{"href":"https:\/\/caroleepinette.com\/en\/wp-json\/wp\/v2\/types\/product"}],"wp:featuredmedia":[{"embeddable":true,"href":"https:\/\/caroleepinette.com\/en\/wp-json\/wp\/v2\/media\/7437"}],"wp:attachment":[{"href":"https:\/\/caroleepinette.com\/en\/wp-json\/wp\/v2\/media?parent=7436"}],"wp:term":[{"taxonomy":"product_brand","embeddable":true,"href":"https:\/\/caroleepinette.com\/en\/wp-json\/wp\/v2\/product_brand?post=7436"},{"taxonomy":"product_cat","embeddable":true,"href":"https:\/\/caroleepinette.com\/en\/wp-json\/wp\/v2\/product_cat?post=7436"},{"taxonomy":"product_tag","embeddable":true,"href":"https:\/\/caroleepinette.com\/en\/wp-json\/wp\/v2\/product_tag?post=7436"}],"curies":[{"name":"wp","href":"https:\/\/api.w.org\/{rel}","templated":true}]}}